{"id":6094,"date":"2025-11-05T19:43:17","date_gmt":"2025-11-05T19:43:17","guid":{"rendered":"https:\/\/naujas.eltrum.lt\/?page_id=6094"},"modified":"2025-11-06T16:24:29","modified_gmt":"2025-11-06T16:24:29","slug":"temperature-monitoring-in-greenhouses","status":"publish","type":"page","link":"https:\/\/naujas.eltrum.lt\/lt\/temperature-monitoring-in-greenhouses\/","title":{"rendered":"Temperat\u016bros steb\u0117jimas \u0161iltnamiuose"},"content":{"rendered":"","protected":false},"excerpt":{"rendered":"","protected":false},"author":1,"featured_media":0,"parent":0,"menu_order":0,"comment_status":"closed","ping_status":"closed","template":"","meta":{"_acf_changed":false,"footnotes":""},"class_list":["post-6094","page","type-page","status-publish","hentry"],"acf":[],"_links":{"self":[{"href":"https:\/\/naujas.eltrum.lt\/lt\/wp-json\/wp\/v2\/pages\/6094","targetHints":{"allow":["GET"]}}],"collection":[{"href":"https:\/\/naujas.eltrum.lt\/lt\/wp-json\/wp\/v2\/pages"}],"about":[{"href":"https:\/\/naujas.eltrum.lt\/lt\/wp-json\/wp\/v2\/types\/page"}],"author":[{"embeddable":true,"href":"https:\/\/naujas.eltrum.lt\/lt\/wp-json\/wp\/v2\/users\/1"}],"replies":[{"embeddable":true,"href":"https:\/\/naujas.eltrum.lt\/lt\/wp-json\/wp\/v2\/comments?post=6094"}],"version-history":[{"count":6,"href":"https:\/\/naujas.eltrum.lt\/lt\/wp-json\/wp\/v2\/pages\/6094\/revisions"}],"predecessor-version":[{"id":6329,"href":"https:\/\/naujas.eltrum.lt\/lt\/wp-json\/wp\/v2\/pages\/6094\/revisions\/6329"}],"wp:attachment":[{"href":"https:\/\/naujas.eltrum.lt\/lt\/wp-json\/wp\/v2\/media?parent=6094"}],"curies":[{"name":"wp","href":"https:\/\/api.w.org\/{rel}","templated":true}]}}