{"id":5711,"date":"2025-11-02T20:31:11","date_gmt":"2025-11-02T20:31:11","guid":{"rendered":"https:\/\/naujas.eltrum.lt\/?page_id=5711"},"modified":"2025-11-17T19:07:47","modified_gmt":"2025-11-17T19:07:47","slug":"wireless-grain-temperature-monitoring-system-for-silos","status":"publish","type":"page","link":"https:\/\/naujas.eltrum.lt\/lt\/wireless-grain-temperature-monitoring-system-for-silos\/","title":{"rendered":"Beviel\u0117 temperat\u016bros steb\u0117jimo sistema gr\u016bd\u0173 bok\u0161tams"},"content":{"rendered":"","protected":false},"excerpt":{"rendered":"","protected":false},"author":1,"featured_media":6432,"parent":0,"menu_order":0,"comment_status":"closed","ping_status":"closed","template":"","meta":{"_acf_changed":false,"footnotes":""},"class_list":["post-5711","page","type-page","status-publish","has-post-thumbnail","hentry"],"acf":[],"_links":{"self":[{"href":"https:\/\/naujas.eltrum.lt\/lt\/wp-json\/wp\/v2\/pages\/5711","targetHints":{"allow":["GET"]}}],"collection":[{"href":"https:\/\/naujas.eltrum.lt\/lt\/wp-json\/wp\/v2\/pages"}],"about":[{"href":"https:\/\/naujas.eltrum.lt\/lt\/wp-json\/wp\/v2\/types\/page"}],"author":[{"embeddable":true,"href":"https:\/\/naujas.eltrum.lt\/lt\/wp-json\/wp\/v2\/users\/1"}],"replies":[{"embeddable":true,"href":"https:\/\/naujas.eltrum.lt\/lt\/wp-json\/wp\/v2\/comments?post=5711"}],"version-history":[{"count":30,"href":"https:\/\/naujas.eltrum.lt\/lt\/wp-json\/wp\/v2\/pages\/5711\/revisions"}],"predecessor-version":[{"id":6676,"href":"https:\/\/naujas.eltrum.lt\/lt\/wp-json\/wp\/v2\/pages\/5711\/revisions\/6676"}],"wp:featuredmedia":[{"embeddable":true,"href":"https:\/\/naujas.eltrum.lt\/lt\/wp-json\/wp\/v2\/media\/6432"}],"wp:attachment":[{"href":"https:\/\/naujas.eltrum.lt\/lt\/wp-json\/wp\/v2\/media?parent=5711"}],"curies":[{"name":"wp","href":"https:\/\/api.w.org\/{rel}","templated":true}]}}