{"id":4688,"date":"2021-11-26T13:30:39","date_gmt":"2021-11-26T13:30:39","guid":{"rendered":"https:\/\/avadawebsites.wpengine.com\/classic\/?page_id=4688"},"modified":"2025-11-17T19:00:43","modified_gmt":"2025-11-17T19:00:43","slug":"portable-grain-temperature-probe","status":"publish","type":"page","link":"https:\/\/naujas.eltrum.lt\/lt\/portable-grain-temperature-probe\/","title":{"rendered":"Mobil\u016bs gr\u016bd\u0173 temperat\u016bros matuokliai"},"content":{"rendered":"","protected":false},"excerpt":{"rendered":"","protected":false},"author":1,"featured_media":6537,"parent":0,"menu_order":0,"comment_status":"closed","ping_status":"closed","template":"100-width.php","meta":{"_acf_changed":false,"footnotes":""},"class_list":["post-4688","page","type-page","status-publish","has-post-thumbnail","hentry"],"acf":[],"_links":{"self":[{"href":"https:\/\/naujas.eltrum.lt\/lt\/wp-json\/wp\/v2\/pages\/4688","targetHints":{"allow":["GET"]}}],"collection":[{"href":"https:\/\/naujas.eltrum.lt\/lt\/wp-json\/wp\/v2\/pages"}],"about":[{"href":"https:\/\/naujas.eltrum.lt\/lt\/wp-json\/wp\/v2\/types\/page"}],"author":[{"embeddable":true,"href":"https:\/\/naujas.eltrum.lt\/lt\/wp-json\/wp\/v2\/users\/1"}],"replies":[{"embeddable":true,"href":"https:\/\/naujas.eltrum.lt\/lt\/wp-json\/wp\/v2\/comments?post=4688"}],"version-history":[{"count":157,"href":"https:\/\/naujas.eltrum.lt\/lt\/wp-json\/wp\/v2\/pages\/4688\/revisions"}],"predecessor-version":[{"id":6673,"href":"https:\/\/naujas.eltrum.lt\/lt\/wp-json\/wp\/v2\/pages\/4688\/revisions\/6673"}],"wp:featuredmedia":[{"embeddable":true,"href":"https:\/\/naujas.eltrum.lt\/lt\/wp-json\/wp\/v2\/media\/6537"}],"wp:attachment":[{"href":"https:\/\/naujas.eltrum.lt\/lt\/wp-json\/wp\/v2\/media?parent=4688"}],"curies":[{"name":"wp","href":"https:\/\/api.w.org\/{rel}","templated":true}]}}